{"id":72,"date":"2026-05-14T11:01:46","date_gmt":"2026-05-14T11:01:46","guid":{"rendered":"https:\/\/mathdays.usm.md\/?page_id=72"},"modified":"2026-05-14T11:05:02","modified_gmt":"2026-05-14T11:05:02","slug":"committee","status":"publish","type":"page","link":"https:\/\/mathdays.usm.md\/index.php\/committee\/","title":{"rendered":"COMMITTEE"},"content":{"rendered":"<p><\/p>\n<div>\n<h3 style=\"font-weight: 400;\"><strong>SCIENTIFIC COMMITTEE<\/strong><\/h3>\n<p>&nbsp;<\/p>\n<p class=\"p\"><strong>Workshop on Mathematical Logic, Algebra and Geometry:<\/strong><\/p>\n<p>&nbsp;<\/p>\n<\/div>\n<div>\n<p class=\"p\"><strong>Workshop on Differential Equations and Operations Research<\/strong>: Art\u00e9s\u00a0Joan Carles Ferragud (Barcelona, Spain); Cozma Dumitru Chi\u0219in\u0103u, RM); Gu\u021bu Valeriu (Chi\u0219in\u0103u, RM); Glavan Vasile (Chi\u0219in\u0103u, RM); Hancu Boris (Chi\u0219in\u0103u, RM); Lozovanu Dmitrii \u00a0(Chi\u0219in\u0103u, RM); Niculi\u021b\u0103 Angela (Chi\u0219in\u0103u, RM); Perjan Andrei (Chi\u0219in\u0103u, RM); Popa Mihail \u00a0(Chi\u0219in\u0103u, RM); Rezende Alex Carlucci \u00a0(S\u00e3o Carlos, Brazil); \u00a0Stetsyuk Petro \u00a0(Kyiv, Ukraine); Stratila Dan (Chi\u0219in\u0103u, RM); Vulpe Nicolae (Chi\u0219in\u0103u, RM); Zelikovsky Alexander (Atlanta, USA).<\/p>\n<p>&nbsp;<\/p>\n<\/div>\n<div>\n<p class=\"p\"><strong>Workshop on Computer Science and Artificial Intelligence<\/strong>: <span data-olk-copy-source=\"MessageBody\">Tudor Bragaru (Chi\u0219in\u0103u, RM); Titu Capcelea (Chi\u0219in\u0103u, RM); Maria Capcelea (Chi\u0219in\u0103u, RM); Olga Cerbu (Chi\u0219in\u0103u, RM); Mihail Croitor (Chi\u0219in\u0103u, RM); Elena Cuzne\u021bov (Chi\u0219in\u0103u, RM); Gheorghe Latul (Chi\u0219in\u0103u, RM); Dan Lefter (Chi\u0219in\u0103u, RM); Nichita Nartea (Chi\u0219in\u0103u, RM); Liuda Novac (Chi\u0219in\u0103u, RM).<\/span><\/p>\n<\/div>\n<p>&nbsp;<\/p>\n<hr \/>\n<h3><\/h3>\n<p>&nbsp;<\/p>\n<h3>ORGANIZING COMMITTEE<\/h3>\n<p>&nbsp;<\/p>\n<p style=\"font-weight: 400;\">Angela Niculi\u021b\u0103 (pre\u0219edinte, USM), Inga \u021ai\u021bchiev (vice-pre\u0219edinte, IMI), Mariana Butnaru (USM), Ion B\u0103\u021b (USM), Maria Capcelea (USM), Titu Capcelea (USM), Mihail Croitor (USM),\u00a0Elena Cuzne\u021bov (USM), Florin Damian (IMI), Viorel Grigorcea (USM), Valeriu Gu\u0163u (USM), Boris H\u00e2ncu (USM), Alexandru Laz\u0103r (IMI), Stanislav Leonte (USM), Ludmila Novac (USM), Natalia Ple\u0219ca (USM), Parascovia S\u00eerbu (USM), Lilia Solovei (USM), Galina Spr\u00eencean (USM), Valeriu Ungureanu (USM).<\/p>\n<p><\/p>","protected":false},"excerpt":{"rendered":"<p>SCIENTIFIC COMMITTEE &nbsp; Workshop on Mathematical Logic, Algebra and Geometry: &nbsp; Workshop on Differential Equations and Operations Research: Art\u00e9s\u00a0Joan Carles Ferragud (Barcelona, Spain); Cozma Dumitru Chi\u0219in\u0103u, RM); Gu\u021bu Valeriu (Chi\u0219in\u0103u, RM); Glavan Vasile (Chi\u0219in\u0103u, RM); Hancu Boris (Chi\u0219in\u0103u, RM); Lozovanu Dmitrii \u00a0(Chi\u0219in\u0103u, RM); Niculi\u021b\u0103 Angela (Chi\u0219in\u0103u, RM); Perjan Andrei (Chi\u0219in\u0103u, RM); Popa Mihail \u00a0(Chi\u0219in\u0103u, RM);&hellip; <br \/> <a class=\"read-more\" href=\"https:\/\/mathdays.usm.md\/index.php\/committee\/\">Read more<\/a><\/p>\n","protected":false},"author":1,"featured_media":0,"parent":0,"menu_order":0,"comment_status":"closed","ping_status":"closed","template":"","meta":{"footnotes":""},"class_list":["post-72","page","type-page","status-publish","hentry"],"rttpg_featured_image_url":null,"rttpg_author":{"display_name":"mat1d@ys","author_link":"https:\/\/mathdays.usm.md\/index.php\/author\/mat1dys\/"},"rttpg_comment":0,"rttpg_category":null,"rttpg_excerpt":"SCIENTIFIC COMMITTEE &nbsp; Workshop on Mathematical Logic, Algebra and Geometry: &nbsp; Workshop on Differential Equations and Operations Research: Art\u00e9s\u00a0Joan Carles Ferragud (Barcelona, Spain); Cozma Dumitru Chi\u0219in\u0103u, RM); Gu\u021bu Valeriu (Chi\u0219in\u0103u, RM); Glavan Vasile (Chi\u0219in\u0103u, RM); Hancu Boris (Chi\u0219in\u0103u, RM); Lozovanu Dmitrii \u00a0(Chi\u0219in\u0103u, RM); Niculi\u021b\u0103 Angela (Chi\u0219in\u0103u, RM); Perjan Andrei (Chi\u0219in\u0103u, RM); Popa Mihail \u00a0(Chi\u0219in\u0103u, RM);&hellip;&hellip;","_links":{"self":[{"href":"https:\/\/mathdays.usm.md\/index.php\/wp-json\/wp\/v2\/pages\/72","targetHints":{"allow":["GET"]}}],"collection":[{"href":"https:\/\/mathdays.usm.md\/index.php\/wp-json\/wp\/v2\/pages"}],"about":[{"href":"https:\/\/mathdays.usm.md\/index.php\/wp-json\/wp\/v2\/types\/page"}],"author":[{"embeddable":true,"href":"https:\/\/mathdays.usm.md\/index.php\/wp-json\/wp\/v2\/users\/1"}],"replies":[{"embeddable":true,"href":"https:\/\/mathdays.usm.md\/index.php\/wp-json\/wp\/v2\/comments?post=72"}],"version-history":[{"count":4,"href":"https:\/\/mathdays.usm.md\/index.php\/wp-json\/wp\/v2\/pages\/72\/revisions"}],"predecessor-version":[{"id":77,"href":"https:\/\/mathdays.usm.md\/index.php\/wp-json\/wp\/v2\/pages\/72\/revisions\/77"}],"wp:attachment":[{"href":"https:\/\/mathdays.usm.md\/index.php\/wp-json\/wp\/v2\/media?parent=72"}],"curies":[{"name":"wp","href":"https:\/\/api.w.org\/{rel}","templated":true}]}}